{"id":1243,"date":"2025-09-05T19:45:00","date_gmt":"2025-09-05T16:45:00","guid":{"rendered":"http:\/\/www.valkeakoskenkalaveikot.com\/2\/?page_id=1243"},"modified":"2025-10-29T09:29:12","modified_gmt":"2025-10-29T07:29:12","slug":"vuokraveneet","status":"publish","type":"page","link":"https:\/\/www.valkeakoskenkalaveikot.com\/2\/vuokraveneet\/","title":{"rendered":"Vuokraveneet"},"content":{"rendered":"\n<p class=\"has-background\" style=\"background-color:#4cfa04\"><mark style=\"background-color:rgba(0, 0, 0, 0)\" class=\"has-inline-color has-dark-gray-color\">Huom! 8.9.2025 alkaen vuokraus hoituu K-market Sointulasta. Hinnat ja k\u00e4yt\u00e4nn\u00f6t ei muutu.<\/mark><\/p>\n\n\n\n<p>Veneet ovat vuokrattavissa 1.5. \u2013 15.10. v\u00e4lisen\u00e4 aikana.&nbsp;<\/p>\n\n\n\n<p>Lis\u00e4ksi vuokrattavissa Valkeakosken kaupungin 2 venett\u00e4 (vene 4 ja 5). Veneiss\u00e4 Valkeakosken logo ja teksti.<\/p>\n\n\n\n<p><strong><u>Veneiden sijainti<\/u><\/strong><\/p>\n\n\n\n<figure class=\"wp-block-image size-large\"><a href=\"https:\/\/www.valkeakoskenkalaveikot.com\/2\/wp-content\/uploads\/2023\/05\/veneet_2023.jpg\"><img loading=\"lazy\" decoding=\"async\" width=\"1024\" height=\"534\" src=\"https:\/\/www.valkeakoskenkalaveikot.com\/2\/wp-content\/uploads\/2023\/05\/veneet_2023-1024x534.jpg\" alt=\"klikkaa kuvaa - saat sen suuremmaksi\" class=\"wp-image-2771\" srcset=\"https:\/\/www.valkeakoskenkalaveikot.com\/2\/wp-content\/uploads\/2023\/05\/veneet_2023-1024x534.jpg 1024w, https:\/\/www.valkeakoskenkalaveikot.com\/2\/wp-content\/uploads\/2023\/05\/veneet_2023-300x156.jpg 300w, https:\/\/www.valkeakoskenkalaveikot.com\/2\/wp-content\/uploads\/2023\/05\/veneet_2023-768x400.jpg 768w, https:\/\/www.valkeakoskenkalaveikot.com\/2\/wp-content\/uploads\/2023\/05\/veneet_2023-1536x801.jpg 1536w, https:\/\/www.valkeakoskenkalaveikot.com\/2\/wp-content\/uploads\/2023\/05\/veneet_2023-624x325.jpg 624w, https:\/\/www.valkeakoskenkalaveikot.com\/2\/wp-content\/uploads\/2023\/05\/veneet_2023.jpg 1807w\" sizes=\"auto, (max-width: 1024px) 100vw, 1024px\" \/><\/a><\/figure>\n\n\n\n<p> Veneet 1,2 l\u00f6ytyv\u00e4t Lotilanj\u00e4rvell\u00e4, venepaikat 20, 21.<\/p>\n\n\n\n<p>Vene 3 l\u00f6ytyy Yrj\u00f6l\u00e4nlahdella, paikka 0 pyykkilaiturista katsoen \u00e4\u00e4rimm\u00e4isen\u00e4 vasemmalla.<\/p>\n\n\n\n<p>Vene 4 l\u00f6ytyy Apian uimarannan uimalaiturin vierest\u00e4 oikealta.<\/p>\n\n\n\n<p>Vene 5 l\u00f6ytyy Sointulan venerannasta, viimeisten venelaitureiden kohdalta pienest\u00e4 \u2019sis\u00e4poukamasta\u2019.<\/p>\n\n\n\n<p><strong><span style=\"text-decoration: underline;\">Vuokrausperusteet<\/span><\/strong><\/p>\n\n\n\n<p>Alle 12-vuotiaat lapset vain vanhempien mukana. Veneess\u00e4 saa olla maksimissaan 3 henkil\u00f6\u00e4. Vene vuokrataan yhdeksi (1) vuorokaudeksi kerrallaan. Pelastusliivej\u00e4 k\u00e4ytett\u00e4v\u00e4!<\/p>\n\n\n\n<p><strong>Vene 1 <\/strong> vuokrataan kaikille halukkaille.<\/p>\n\n\n\n<p><strong>Veneet 2 ja 3<\/strong> vuokrataan kaikille halukkaille, ensisijaisesti nuorten ja lapsiperheiden k\u00e4ytt\u00f6\u00f6n,&nbsp;<strong>pelastusliivit<\/strong>&nbsp;3 kpl ( 30-50 kg, 50-70 kg, 70-90 kg) lukittuna veneiden tuhtojen alle ja niit\u00e4 on&nbsp;<strong>k\u00e4ytett\u00e4v\u00e4<\/strong>! Irrotettavat vapatelineet s\u00e4ilytet\u00e4\u00e4n my\u00f6s tuhtojen alla lukittuna. Samoin \u00e4ysk\u00e4ri.<\/p>\n\n\n\n<p><strong>Veneet 4 ja 5<\/strong> vuokrataan kaikille kuntalaisille.<\/p>\n\n\n\n<p><strong><u>Veneiden vuokraus<\/u><br><\/strong>Veneiden vuokraus tapahtuu  Sointulan K-marketin kassalta.<\/p>\n\n\n\n<p>Veneen vuokra 2 \u20ac \/ vrk, pantti 10\u20ac joka palautetaan, jos avain palautetaan viimeist\u00e4\u00e4n seuraavana p\u00e4iv\u00e4n\u00e4. Avaimen palautuksen my\u00f6h\u00e4styess\u00e4 perit\u00e4\u00e4n my\u00f6h\u00e4stymismaksua 2 \u20ac\/pv.<\/p>\n\n\n\n<p><strong>Panttia ei palauteta jos avain, ketju, pohjatulppa tai vapateline katoaa!<\/strong><\/p>\n\n\n\n<p>Veneiden pohjatulpat kulkevat avainten mukana ja ne on palautettava.&nbsp;<\/p>\n\n\n\n<p><strong><span style=\"text-decoration: underline;\">Ilkivalta tai rikkoontuminen<\/span><\/strong><\/p>\n\n\n\n<p>Veneille tehdyst\u00e4 ilkivallasta, tai jos jokin osa k\u00e4yt\u00f6ss\u00e4 rikkoontuu, on ilmoitettava viipym\u00e4tt\u00e4 Veijo Takaniemelle puh. 040-5884 837.<\/p>\n\n\n\n<p>Lis\u00e4tietoja: puh. 040-5884 837 \/ Veijo.<\/p>\n\n\n\n<p>vene &nbsp; &nbsp;paikka &nbsp; sijainti &nbsp; &nbsp; malli<br>&nbsp; &nbsp; 1. &nbsp; &nbsp; 20 &nbsp; &nbsp; &nbsp; &nbsp; &nbsp;Lotila<br>&nbsp; &nbsp; 2. &nbsp; &nbsp; 21    &nbsp; &nbsp; &nbsp; Lotila &nbsp; &nbsp; &nbsp;Terhi, P\u00e4ij\u00e4n<br>&nbsp; &nbsp; 3. &nbsp; &nbsp; 0 &nbsp; &nbsp; &nbsp; &nbsp; &nbsp; &nbsp;Yrj\u00f6l\u00e4&nbsp;&nbsp; &nbsp; &nbsp;Terhi, P\u00e4ij\u00e4n<br>&nbsp; &nbsp; 4. &nbsp; &nbsp; &#8211; &nbsp; &nbsp; &nbsp; &nbsp; &nbsp;   Apian uimaranta<br>&nbsp; &nbsp; 5. &nbsp; &nbsp; &#8211; &nbsp; &nbsp; &nbsp; &nbsp; &nbsp;   Sointulan veneranta<\/p>\n","protected":false},"excerpt":{"rendered":"<p>Huom! 8.9.2025 alkaen vuokraus hoituu K-market Sointulasta. Hinnat ja k\u00e4yt\u00e4nn\u00f6t ei muutu. Veneet ovat vuokrattavissa 1.5. \u2013 15.10. v\u00e4lisen\u00e4 aikana.&nbsp; Lis\u00e4ksi vuokrattavissa Valkeakosken kaupungin 2 venett\u00e4 (vene 4 ja 5)&#8230;. <a href=\"https:\/\/www.valkeakoskenkalaveikot.com\/2\/vuokraveneet\/\">Read more &raquo;<\/a><\/p>\n","protected":false},"author":2,"featured_media":0,"parent":0,"menu_order":0,"comment_status":"closed","ping_status":"closed","template":"","meta":{"footnotes":""},"class_list":["post-1243","page","type-page","status-publish","hentry"],"_links":{"self":[{"href":"https:\/\/www.valkeakoskenkalaveikot.com\/2\/wp-json\/wp\/v2\/pages\/1243","targetHints":{"allow":["GET"]}}],"collection":[{"href":"https:\/\/www.valkeakoskenkalaveikot.com\/2\/wp-json\/wp\/v2\/pages"}],"about":[{"href":"https:\/\/www.valkeakoskenkalaveikot.com\/2\/wp-json\/wp\/v2\/types\/page"}],"author":[{"embeddable":true,"href":"https:\/\/www.valkeakoskenkalaveikot.com\/2\/wp-json\/wp\/v2\/users\/2"}],"replies":[{"embeddable":true,"href":"https:\/\/www.valkeakoskenkalaveikot.com\/2\/wp-json\/wp\/v2\/comments?post=1243"}],"version-history":[{"count":20,"href":"https:\/\/www.valkeakoskenkalaveikot.com\/2\/wp-json\/wp\/v2\/pages\/1243\/revisions"}],"predecessor-version":[{"id":4355,"href":"https:\/\/www.valkeakoskenkalaveikot.com\/2\/wp-json\/wp\/v2\/pages\/1243\/revisions\/4355"}],"wp:attachment":[{"href":"https:\/\/www.valkeakoskenkalaveikot.com\/2\/wp-json\/wp\/v2\/media?parent=1243"}],"curies":[{"name":"wp","href":"https:\/\/api.w.org\/{rel}","templated":true}]}}