{"id":14,"date":"2017-04-01T06:25:30","date_gmt":"2017-04-01T06:25:30","guid":{"rendered":"http:\/\/www.valkeakoskenkalaveikot.com\/2\/?page_id=14"},"modified":"2024-05-24T19:12:32","modified_gmt":"2024-05-24T16:12:32","slug":"apianvirta","status":"publish","type":"page","link":"https:\/\/www.valkeakoskenkalaveikot.com\/2\/apianvirta\/","title":{"rendered":"Apianvirta"},"content":{"rendered":"<p>L\u00e4hes Valkeakosken keskustassa, Riippusiltojen ymp\u00e4rist\u00f6ss\u00e4, sijaitsee kaunis Apianvirran heittokalastusalue, jonka hoidosta vastaa Valkeakosken Kalaveikot ry. <a href=\"http:\/\/kansalaisen.karttapaikka.fi\/linkki?scale=16000&amp;text=APIANVIRTA&amp;y=6795971&amp;x=2502727&amp;lang=FI\" target=\"_blank\" rel=\"noopener noreferrer\">Kartta<\/a><br \/>\nVuosiluvan hinta on seuran j\u00e4senilt\u00e4 20 \u20ac, ei j\u00e4senilt\u00e4 35 \u20ac<br \/>\nLis\u00e4ksi on tarjolla 8 \u20ac\/ 24h ja 10 \u20ac\/ vko lupia.<\/p>\n<p>Alle 18-vuotiailta seuran j\u00e4senilt\u00e4 maksua ei perit\u00e4, mutta my\u00f6s heid\u00e4n tulee hakea vuosilupa SPORTIA VALKEAKOSKI (Valtakatu 9-11). Kalastusohjeet ovat luvassa.<\/p>\n<p><a href=\"https:\/\/holvi.com\/shop\/ValkeakoskenKalaveikot\/\" target=\"_blank\" rel=\"noopener noreferrer\">Apianvirran heittokalastusalueen luvat myynniss\u00e4 my\u00f6s Webkaupassa.<\/a><\/p>\n<p>Alueella esiintyv\u00e4t kalat:<br \/>\nKirjolohi, J\u00e4rvitaimen, Kuha, Ahven, Hauki. Taimenen syysrauhoitus on purettu joten kalastuskausi kest\u00e4\u00e4 ymp\u00e4ri vuoden. Kaikki taimenet on vapautettava 1.9. &#8211; 30.11. v\u00e4lisen\u00e4 aikana. Muuna aikana rasvaev\u00e4tt\u00f6m\u00e4t mitant\u00e4ytt\u00e4v\u00e4t taimenet saa ottaa.<\/p>\n<p>Apianvirran saalisp\u00e4iv\u00e4kirjaan<a href=\"https:\/\/www.valkeakoskenkalaveikot.com\/2\/apianvirta\/apianvirran-saalispaivakirja\/\">, klikkaa t\u00e4st\u00e4.<\/a><\/p>\n<p>Kalaveikkojen Apianvirran keskusteluihin voit my\u00f6s l\u00e4hett\u00e4\u00e4 saaliskuviasi\/keskustella aiheesta. <a href=\"https:\/\/www.valkeakoskenkalaveikot.com\/2\/kalaveikkojen-whatsapp-keskustelut\/\">Liity keskusteluihin, ohjeet t\u00e4\u00e4lt\u00e4.<\/a><\/p>\n","protected":false},"excerpt":{"rendered":"<p>L\u00e4hes Valkeakosken keskustassa, Riippusiltojen ymp\u00e4rist\u00f6ss\u00e4, sijaitsee kaunis Apianvirran heittokalastusalue, jonka hoidosta vastaa Valkeakosken Kalaveikot ry. Kartta Vuosiluvan hinta on seuran j\u00e4senilt\u00e4 20 \u20ac, ei j\u00e4senilt\u00e4 35 \u20ac Lis\u00e4ksi on tarjolla&#8230; <a href=\"https:\/\/www.valkeakoskenkalaveikot.com\/2\/apianvirta\/\">Read more &raquo;<\/a><\/p>\n","protected":false},"author":1,"featured_media":0,"parent":0,"menu_order":0,"comment_status":"closed","ping_status":"closed","template":"","meta":{"footnotes":""},"class_list":["post-14","page","type-page","status-publish","hentry"],"_links":{"self":[{"href":"https:\/\/www.valkeakoskenkalaveikot.com\/2\/wp-json\/wp\/v2\/pages\/14","targetHints":{"allow":["GET"]}}],"collection":[{"href":"https:\/\/www.valkeakoskenkalaveikot.com\/2\/wp-json\/wp\/v2\/pages"}],"about":[{"href":"https:\/\/www.valkeakoskenkalaveikot.com\/2\/wp-json\/wp\/v2\/types\/page"}],"author":[{"embeddable":true,"href":"https:\/\/www.valkeakoskenkalaveikot.com\/2\/wp-json\/wp\/v2\/users\/1"}],"replies":[{"embeddable":true,"href":"https:\/\/www.valkeakoskenkalaveikot.com\/2\/wp-json\/wp\/v2\/comments?post=14"}],"version-history":[{"count":8,"href":"https:\/\/www.valkeakoskenkalaveikot.com\/2\/wp-json\/wp\/v2\/pages\/14\/revisions"}],"predecessor-version":[{"id":3237,"href":"https:\/\/www.valkeakoskenkalaveikot.com\/2\/wp-json\/wp\/v2\/pages\/14\/revisions\/3237"}],"wp:attachment":[{"href":"https:\/\/www.valkeakoskenkalaveikot.com\/2\/wp-json\/wp\/v2\/media?parent=14"}],"curies":[{"name":"wp","href":"https:\/\/api.w.org\/{rel}","templated":true}]}}